{"id":1298,"date":"2020-02-27T09:53:41","date_gmt":"2020-02-27T08:53:41","guid":{"rendered":"https:\/\/www.stift-duernstein.at\/?page_id=1298"},"modified":"2023-03-09T22:34:23","modified_gmt":"2023-03-09T21:34:23","slug":"history","status":"publish","type":"page","link":"https:\/\/www.stift-duernstein.at\/en\/abbey\/history\/","title":{"rendered":"History"},"content":{"rendered":"<div class=\"wpb-content-wrapper\"><p>[vc_row unlock_row_content=&#8221;yes&#8221; row_height_percent=&#8221;0&#8243; back_image=&#8221;1466&#8243; overlay_alpha=&#8221;50&#8243; gutter_size=&#8221;3&#8243; column_width_percent=&#8221;100&#8243; shift_y=&#8221;0&#8243; z_index=&#8221;0&#8243; row_height_pixel=&#8221;360&#8243;][vc_column width=&#8221;1\/1&#8243;][\/vc_column][\/vc_row][vc_row unlock_row_content=&#8221;yes&#8221; row_height_percent=&#8221;0&#8243; overlay_alpha=&#8221;50&#8243; gutter_size=&#8221;3&#8243; column_width_percent=&#8221;100&#8243; shift_y=&#8221;0&#8243; z_index=&#8221;0&#8243; el_class=&#8221;bluebars&#8221;][vc_column column_width_percent=&#8221;100&#8243; gutter_size=&#8221;3&#8243; overlay_alpha=&#8221;50&#8243; shift_x=&#8221;0&#8243; shift_y=&#8221;0&#8243; shift_y_down=&#8221;0&#8243; z_index=&#8221;0&#8243; medium_width=&#8221;0&#8243; mobile_width=&#8221;0&#8243; width=&#8221;1\/1&#8243;][vc_custom_heading]Discovery of[\/vc_custom_heading][vc_custom_heading]the Precious[\/vc_custom_heading][\/vc_column][\/vc_row][vc_row row_height_percent=&#8221;0&#8243; override_padding=&#8221;yes&#8221; h_padding=&#8221;2&#8243; top_padding=&#8221;3&#8243; bottom_padding=&#8221;3&#8243; overlay_alpha=&#8221;50&#8243; gutter_size=&#8221;3&#8243; column_width_percent=&#8221;100&#8243; shift_y=&#8221;0&#8243; z_index=&#8221;0&#8243; row_name=&#8221;opening&#8221;][vc_column width=&#8221;1\/1&#8243;][vc_column_text]<\/p>\n<h1>The History of D\u00fcrnstein Abbey<\/h1>\n<p>[\/vc_column_text][vc_column_text]The history of D\u00fcrnstein Abbey is a very eventful one. It begins in 1372 with the dedication of a Mary Chapel. The redesign of the exhibition rooms in the winter of 2018\u20132019 opened up the next key chapter in the history of the Abbey \u2026[\/vc_column_text][\/vc_column][\/vc_row][vc_row row_height_percent=&#8221;0&#8243; override_padding=&#8221;yes&#8221; h_padding=&#8221;2&#8243; top_padding=&#8221;3&#8243; bottom_padding=&#8221;3&#8243; overlay_alpha=&#8221;50&#8243; gutter_size=&#8221;3&#8243; column_width_percent=&#8221;100&#8243; shift_y=&#8221;0&#8243; z_index=&#8221;0&#8243; row_name=&#8221;gruendung&#8221;][vc_column width=&#8221;1\/1&#8243;][vc_column_text]<\/p>\n<h3>Foundation<\/h3>\n<p>[\/vc_column_text][vc_row_inner][vc_column_inner width=&#8221;1\/2&#8243;][vc_column_text]In 1372, a chapel was built in D\u00fcrnstein and dedicated to Mary, mother of God, St Andrew, St Laurence and all saints. The widow Elisabeth von Kuenring had bequeathed her estate for this purpose. In 1410, her heir Otto von Maissau founded a monastery around the chapel and brought Augustinian Canons from Wittingau in Bohemia (present-day T\u0159ebo\u0148, Czech Republic) to D\u00fcrnstein. In the fifteenth century, the canons built the church, priory and cloister. The structure of the medieval priory was also key to the renovations undertaken in the baroque period.[\/vc_column_text][\/vc_column_inner][vc_column_inner width=&#8221;1\/2&#8243;][vc_single_image media=&#8221;1463&#8243; media_width_percent=&#8221;100&#8243;][\/vc_column_inner][\/vc_row_inner][\/vc_column][\/vc_row][vc_row row_height_percent=&#8221;50&#8243; back_image=&#8221;1301&#8243; overlay_alpha=&#8221;50&#8243; gutter_size=&#8221;3&#8243; column_width_percent=&#8221;100&#8243; shift_y=&#8221;0&#8243; z_index=&#8221;0&#8243; row_height_pixel=&#8221;360&#8243;][vc_column width=&#8221;1\/1&#8243;][\/vc_column][\/vc_row][vc_row row_height_percent=&#8221;0&#8243; override_padding=&#8221;yes&#8221; h_padding=&#8221;2&#8243; top_padding=&#8221;3&#8243; bottom_padding=&#8221;3&#8243; overlay_alpha=&#8221;50&#8243; gutter_size=&#8221;3&#8243; column_width_percent=&#8221;100&#8243; shift_y=&#8221;0&#8243; z_index=&#8221;0&#8243; row_name=&#8221;barockisierung&#8221;][vc_column width=&#8221;1\/1&#8243;][vc_column_text]<\/p>\n<h3>Baroque Renovations<\/h3>\n<p>[\/vc_column_text][vc_column_text]In the late seventeenth century, the Provosts \u2013 the title given by the Augustinian Canons to the head of the monastic community \u2013 renovated the Abbey complex in the baroque style for the first time while retaining the gothic structure. When Hieronymus \u00dcbelbacher was elected Provost in 1710, by his own account, the church and priory were in poor condition. He first of all renovated the priory building where the canons lived. Then reconstruction began on the church, cloister and tower, and the south wing with its great church portal was completely rebuilt. In this period the irregularly shaped Abbey courtyard was also closed to create an imposing quadrangle.[\/vc_column_text][vc_row_inner][vc_column_inner width=&#8221;1\/3&#8243;][vc_column_text]Provost Hieronymus \u00dcbelbacher was a learned man with a doctorate in biblical studies. With his extensive education, his interest in art and science and his prudent financial management, he shaped how D\u00fcrnstein Abbey looks today. He provided the builders and artists with the theological agenda of the buildings and their decoration, and he had very specific ideas about how the project should be carried out. The master builder was Joseph Munggenast. Jakob Prandtauer, an architect from St P\u00f6lten, designed the entrance portal and courtyard, while Vienna-based Matthias Steinl designed the church portal and interior and the lower floor of the tower.<br \/>\n[\/vc_column_text][\/vc_column_inner][vc_column_inner width=&#8221;2\/3&#8243;][vc_single_image media=&#8221;1303&#8243; media_width_percent=&#8221;100&#8243;][\/vc_column_inner][\/vc_row_inner][vc_column_text]The Abbey Church, which has also been the parish church since 1745, is dedicated to the Virgin Mary\u2019s assumption into Heaven. Parts of the original gothic church were reused in the renovations of 1721\u20131724. Many artists and craftsmen participated in the architectural and interior decoration of the church. Santino Bussi, Antonio Beduzzi and Carl Haringer are among those named in the Provost\u2019s notes. The sculptures were designed by Johann Schmidt, father of the famous Austrian baroque painter Martin Johann Schmidt (\u2018Kremser Schmidt\u2019). \u2018Kremser Schmidt\u2019 himself also carried out work at the Abbey. The side chapels contain two of his paintings. One unique feature is the fully rotatable tabernacle of the high altar, in the form of a globe decorated with 44 scenes from the life of Jesus. The Abbey organ was built in 1724. It is a South German baroque organ with over 800 pipes, and it is still in its original condition.[\/vc_column_text][\/vc_column][\/vc_row][vc_row row_height_percent=&#8221;0&#8243; back_color=&#8221;color-lxmt&#8221; overlay_alpha=&#8221;50&#8243; gutter_size=&#8221;3&#8243; column_width_percent=&#8221;100&#8243; shift_y=&#8221;0&#8243; z_index=&#8221;0&#8243; row_name=&#8221;neubeginn&#8221;][vc_column width=&#8221;1\/1&#8243;][vc_column_text]<\/p>\n<h3>Dissolution and a New Start<\/h3>\n<p>[\/vc_column_text][vc_row_inner][vc_column_inner width=&#8221;1\/3&#8243;][vc_column_text]As part of the numerous reforms under Emperor Joseph II, D\u00fcrnstein Abbey was also dissolved in 1788. This brought monastic life in the town to an end.<\/p>\n<p>The parish and buildings were transferred to the Augustinian Canons at Herzogenburg, who continue to administer them to this day.[\/vc_column_text][\/vc_column_inner][vc_column_inner width=&#8221;1\/3&#8243;][vc_column_text]For 200 years, only the most urgent maintenance could be carried out on the priory. Only in the 1980s was the building thoroughly restored, both externally and, in part, internally (e.g. cloister, crypt). This was a joint initiative between Herzogenburg Abbey, the State of Lower Austria, the Diocese of St P\u00f6lten, the Austrian Federal Ministry of Science, the town of D\u00fcrnstein and numerous private donors.<\/p>\n<p>To preserve the structure of the building, in recent years more and more parts of the Abbey have been renovated: for example, the two Art Society Rooms, which can now be hired for meetings and seminars. Twelve rental apartments were also sympathetically integrated into the existing building.[\/vc_column_text][\/vc_column_inner][vc_column_inner width=&#8221;1\/3&#8243;][vc_column_text]Redevelopment work in the winter of 2018\u20132019 allowed the creation of the new permanent exhibition Discovery of the Precious, which also includes some areas not previously accessible to the public. This was possible due to the financial support of Herzogenburg Abbey, the State of Lower Austria and the Friends\u2019 Association of D\u00fcrnstein Abbey.<\/p>\n<p>All this makes D\u00fcrnstein Abbey an attractive tourist destination today. The Abbey also houses the community hall, a primary school, the rental apartments and the event spaces.[\/vc_column_text][\/vc_column_inner][\/vc_row_inner][\/vc_column][\/vc_row][vc_row row_height_percent=&#8221;0&#8243; back_color=&#8221;color-lxmt&#8221; overlay_alpha=&#8221;50&#8243; gutter_size=&#8221;3&#8243; column_width_percent=&#8221;100&#8243; shift_y=&#8221;0&#8243; z_index=&#8221;0&#8243; shape_dividers=&#8221;&#8221;][vc_column width=&#8221;1\/1&#8243;][vc_empty_space empty_h=&#8221;2&#8243;][\/vc_column][\/vc_row][vc_row unlock_row_content=&#8221;yes&#8221; row_height_percent=&#8221;0&#8243; overlay_alpha=&#8221;50&#8243; gutter_size=&#8221;3&#8243; column_width_percent=&#8221;100&#8243; shift_y=&#8221;0&#8243; z_index=&#8221;0&#8243; el_class=&#8221;bluebars left&#8221;][vc_column column_width_percent=&#8221;100&#8243; gutter_size=&#8221;3&#8243; overlay_alpha=&#8221;50&#8243; shift_x=&#8221;0&#8243; shift_y=&#8221;0&#8243; shift_y_down=&#8221;0&#8243; z_index=&#8221;0&#8243; medium_width=&#8221;0&#8243; mobile_width=&#8221;0&#8243; width=&#8221;1\/1&#8243;][vc_custom_heading]We look forward[\/vc_custom_heading][vc_custom_heading]to welcoming you![\/vc_custom_heading][\/vc_column][\/vc_row][vc_row row_height_percent=&#8221;50&#8243; back_image=&#8221;1306&#8243; overlay_alpha=&#8221;50&#8243; gutter_size=&#8221;3&#8243; column_width_percent=&#8221;100&#8243; shift_y=&#8221;0&#8243; z_index=&#8221;0&#8243; row_height_pixel=&#8221;360&#8243;][vc_column width=&#8221;1\/1&#8243;][\/vc_column][\/vc_row]<\/p>\n<\/div>","protected":false},"excerpt":{"rendered":"<p>[vc_row unlock_row_content=&#8221;yes&#8221; row_height_percent=&#8221;0&#8243; back_image=&#8221;1466&#8243; overlay_alpha=&#8221;50&#8243; gutter_size=&#8221;3&#8243; column_width_percent=&#8221;100&#8243; shift_y=&#8221;0&#8243; z_index=&#8221;0&#8243; row_height_pixel=&#8221;360&#8243;][vc_column width=&#8221;1\/1&#8243;][\/vc_column][\/vc_row][vc_row unlock_row_content=&#8221;yes&#8221; row_height_percent=&#8221;0&#8243; overlay_alpha=&#8221;50&#8243; gutter_size=&#8221;3&#8243; column_width_percent=&#8221;100&#8243; shift_y=&#8221;0&#8243; z_index=&#8221;0&#8243; el_class=&#8221;bluebars&#8221;][vc_column column_width_percent=&#8221;100&#8243; [&hellip;]<\/p>\n","protected":false},"author":2,"featured_media":0,"parent":1558,"menu_order":-8,"comment_status":"closed","ping_status":"closed","template":"","meta":{"_seopress_robots_primary_cat":"","_seopress_titles_title":"","_seopress_titles_desc":"","_seopress_robots_index":"","footnotes":""},"class_list":["post-1298","page","type-page","status-publish","hentry"],"_links":{"self":[{"href":"https:\/\/www.stift-duernstein.at\/en\/wp-json\/wp\/v2\/pages\/1298","targetHints":{"allow":["GET"]}}],"collection":[{"href":"https:\/\/www.stift-duernstein.at\/en\/wp-json\/wp\/v2\/pages"}],"about":[{"href":"https:\/\/www.stift-duernstein.at\/en\/wp-json\/wp\/v2\/types\/page"}],"author":[{"embeddable":true,"href":"https:\/\/www.stift-duernstein.at\/en\/wp-json\/wp\/v2\/users\/2"}],"replies":[{"embeddable":true,"href":"https:\/\/www.stift-duernstein.at\/en\/wp-json\/wp\/v2\/comments?post=1298"}],"version-history":[{"count":4,"href":"https:\/\/www.stift-duernstein.at\/en\/wp-json\/wp\/v2\/pages\/1298\/revisions"}],"predecessor-version":[{"id":2372,"href":"https:\/\/www.stift-duernstein.at\/en\/wp-json\/wp\/v2\/pages\/1298\/revisions\/2372"}],"up":[{"embeddable":true,"href":"https:\/\/www.stift-duernstein.at\/en\/wp-json\/wp\/v2\/pages\/1558"}],"wp:attachment":[{"href":"https:\/\/www.stift-duernstein.at\/en\/wp-json\/wp\/v2\/media?parent=1298"}],"curies":[{"name":"wp","href":"https:\/\/api.w.org\/{rel}","templated":true}]}}